{"id":360,"date":"2025-02-02T09:00:00","date_gmt":"2025-02-02T09:00:00","guid":{"rendered":"https:\/\/pro.saladin.vn\/cong-tac-vien\/?page_id=360"},"modified":"2025-02-21T03:45:14","modified_gmt":"2025-02-21T03:45:14","slug":"nhan-vien-ngan-hang","status":"publish","type":"page","link":"https:\/\/pro.saladin.vn\/cong-tac-vien\/danh-cho-ai\/nhan-vien-ngan-hang\/","title":{"rendered":"Nh\u00e2n Vi\u00ean Ng\u00e2n H\u00e0ng"},"content":{"rendered":"","protected":false},"excerpt":{"rendered":"","protected":false},"author":2,"featured_media":414,"parent":5,"menu_order":0,"comment_status":"closed","ping_status":"closed","template":"page-pro-personal.php","meta":{"footnotes":""},"aioseo_notices":[],"_links":{"self":[{"href":"https:\/\/pro.saladin.vn\/cong-tac-vien\/wp-json\/wp\/v2\/pages\/360"}],"collection":[{"href":"https:\/\/pro.saladin.vn\/cong-tac-vien\/wp-json\/wp\/v2\/pages"}],"about":[{"href":"https:\/\/pro.saladin.vn\/cong-tac-vien\/wp-json\/wp\/v2\/types\/page"}],"author":[{"embeddable":true,"href":"https:\/\/pro.saladin.vn\/cong-tac-vien\/wp-json\/wp\/v2\/users\/2"}],"replies":[{"embeddable":true,"href":"https:\/\/pro.saladin.vn\/cong-tac-vien\/wp-json\/wp\/v2\/comments?post=360"}],"version-history":[{"count":2,"href":"https:\/\/pro.saladin.vn\/cong-tac-vien\/wp-json\/wp\/v2\/pages\/360\/revisions"}],"predecessor-version":[{"id":416,"href":"https:\/\/pro.saladin.vn\/cong-tac-vien\/wp-json\/wp\/v2\/pages\/360\/revisions\/416"}],"up":[{"embeddable":true,"href":"https:\/\/pro.saladin.vn\/cong-tac-vien\/wp-json\/wp\/v2\/pages\/5"}],"wp:featuredmedia":[{"embeddable":true,"href":"https:\/\/pro.saladin.vn\/cong-tac-vien\/wp-json\/wp\/v2\/media\/414"}],"wp:attachment":[{"href":"https:\/\/pro.saladin.vn\/cong-tac-vien\/wp-json\/wp\/v2\/media?parent=360"}],"curies":[{"name":"wp","href":"https:\/\/api.w.org\/{rel}","templated":true}]}}