{"id":338,"date":"2024-12-31T06:41:46","date_gmt":"2024-12-31T06:41:46","guid":{"rendered":"https:\/\/pro.saladin.vn\/cong-tac-vien\/?page_id=338"},"modified":"2025-02-21T03:48:14","modified_gmt":"2025-02-21T03:48:14","slug":"nhan-vien-bai-dau-xe","status":"publish","type":"page","link":"https:\/\/pro.saladin.vn\/cong-tac-vien\/danh-cho-ai\/nhan-vien-bai-dau-xe\/","title":{"rendered":"Nh\u00e2n Vi\u00ean B\u00e3i \u0110\u1eadu Xe"},"content":{"rendered":"","protected":false},"excerpt":{"rendered":"","protected":false},"author":2,"featured_media":380,"parent":5,"menu_order":0,"comment_status":"closed","ping_status":"closed","template":"page-pro-personal.php","meta":{"footnotes":""},"aioseo_notices":[],"_links":{"self":[{"href":"https:\/\/pro.saladin.vn\/cong-tac-vien\/wp-json\/wp\/v2\/pages\/338"}],"collection":[{"href":"https:\/\/pro.saladin.vn\/cong-tac-vien\/wp-json\/wp\/v2\/pages"}],"about":[{"href":"https:\/\/pro.saladin.vn\/cong-tac-vien\/wp-json\/wp\/v2\/types\/page"}],"author":[{"embeddable":true,"href":"https:\/\/pro.saladin.vn\/cong-tac-vien\/wp-json\/wp\/v2\/users\/2"}],"replies":[{"embeddable":true,"href":"https:\/\/pro.saladin.vn\/cong-tac-vien\/wp-json\/wp\/v2\/comments?post=338"}],"version-history":[{"count":2,"href":"https:\/\/pro.saladin.vn\/cong-tac-vien\/wp-json\/wp\/v2\/pages\/338\/revisions"}],"predecessor-version":[{"id":417,"href":"https:\/\/pro.saladin.vn\/cong-tac-vien\/wp-json\/wp\/v2\/pages\/338\/revisions\/417"}],"up":[{"embeddable":true,"href":"https:\/\/pro.saladin.vn\/cong-tac-vien\/wp-json\/wp\/v2\/pages\/5"}],"wp:featuredmedia":[{"embeddable":true,"href":"https:\/\/pro.saladin.vn\/cong-tac-vien\/wp-json\/wp\/v2\/media\/380"}],"wp:attachment":[{"href":"https:\/\/pro.saladin.vn\/cong-tac-vien\/wp-json\/wp\/v2\/media?parent=338"}],"curies":[{"name":"wp","href":"https:\/\/api.w.org\/{rel}","templated":true}]}}